{"id":7503,"date":"2023-03-19T10:30:46","date_gmt":"2023-03-19T10:30:46","guid":{"rendered":"https:\/\/drnenezic.me\/frequently-asked-questions\/"},"modified":"2023-11-28T11:26:04","modified_gmt":"2023-11-28T11:26:04","slug":"frequently-asked-questions","status":"publish","type":"page","link":"https:\/\/drnenezic.me\/en\/frequently-asked-questions\/","title":{"rendered":"Frequently Asked Questions"},"content":{"rendered":"\t\t<div data-elementor-type=\"wp-page\" data-elementor-id=\"7503\" class=\"elementor elementor-7503 elementor-1255\" data-elementor-post-type=\"page\">\n\t\t\t\t\t\t\t\t\t<section class=\"elementor-section elementor-top-section elementor-element elementor-element-da63134 elementor-section-full_width elementor-section-height-default elementor-section-height-default\" data-id=\"da63134\" data-element_type=\"section\">\n\t\t\t\t\t\t<div class=\"elementor-container elementor-column-gap-default\">\n\t\t\t\t\t<div class=\"elementor-column elementor-col-100 elementor-top-column elementor-element elementor-element-6d43ba5\" data-id=\"6d43ba5\" data-element_type=\"column\">\n\t\t\t<div class=\"elementor-widget-wrap elementor-element-populated\">\n\t\t\t\t\t\t\t\t<div class=\"elementor-element elementor-element-71c1c67 elementor-widget elementor-widget-merit_faqs_v2\" data-id=\"71c1c67\" data-element_type=\"widget\" data-widget_type=\"merit_faqs_v2.default\">\n\t\t\t\t<div class=\"elementor-widget-container\">\n\t\t\t\r\n            \r\n                                                \r\n                                                \r\n                                                \r\n                                                \r\n                                                \r\n                                                \r\n                                                \r\n                                                                \r\n            <!-- Faq Page -->\r\n            <section class=\"faq-page\">\r\n                <div class=\"auto-container\">\r\n                    <!-- Sec Title -->\r\n                    <div class=\"sec-title centered\">\r\n                        <div class=\"sec-title_title\">Frequently Asked Questions<\/div>\r\n                        <h2 class=\"sec-title_heading\">Get Answers to <br>Frequently Asked Questions<\/h2>\r\n                    <\/div>\r\n                    \r\n                    <div class=\"row clearfix\">\r\n                        <!-- Column -->\r\n                        <div class=\"column col-lg-6 col-md-12 col-sm-12\">\r\n                            <!-- Accordion Box -->\r\n                            <ul class=\"accordion-box\">\r\n                                <li class=\"accordion block\">\r\n                                    <div class=\"acc-btn active\"><div class=\"icon-outer\"><span class=\"icon fa-solid fa-angle-right fa-fw\"><\/span><\/div>What Does Chiropractic Treatment in Your Clinic Entail?<\/div>\r\n                                    <div class=\"acc-content current\">\r\n                                        <div class=\"content\">\r\n                                            <div class=\"text\">Chiropractic treatment involves manual techniques focused on correcting the alignment of the spine and joints, with the goal of reducing pain and improving function.<\/div>\r\n                                        <\/div>\r\n                                    <\/div>\r\n                                <\/li><li class=\"accordion block\">\r\n                                    <div class=\"acc-btn \"><div class=\"icon-outer\"><span class=\"icon fa-solid fa-angle-right fa-fw\"><\/span><\/div>What is the PRP Method?<\/div>\r\n                                    <div class=\"acc-content \">\r\n                                        <div class=\"content\">\r\n                                            <div class=\"text\">PRP (Platelet-Rich Plasma) is a technique that uses the patient&#8217;s own blood to stimulate tissue regeneration.<\/div>\r\n                                        <\/div>\r\n                                    <\/div>\r\n                                <\/li><li class=\"accordion block\">\r\n                                    <div class=\"acc-btn \"><div class=\"icon-outer\"><span class=\"icon fa-solid fa-angle-right fa-fw\"><\/span><\/div>What Does Physical Therapy Include in Your Clinic?<\/div>\r\n                                    <div class=\"acc-content \">\r\n                                        <div class=\"content\">\r\n                                            <div class=\"text\">Physical therapy includes individual exercises, electrotherapy, and manual techniques to improve mobility and reduce pain.<\/div>\r\n                                        <\/div>\r\n                                    <\/div>\r\n                                <\/li><li class=\"accordion block\">\r\n                                    <div class=\"acc-btn \"><div class=\"icon-outer\"><span class=\"icon fa-solid fa-angle-right fa-fw\"><\/span><\/div>Is Dr Nenezi\u0107 a Certified Expert?<\/div>\r\n                                    <div class=\"acc-content \">\r\n                                        <div class=\"content\">\r\n                                            <div class=\"text\">Yes, Dr Nenezi\u0107 is a certified physiatrist-acupuncturist and chiropractor with many years of experience and training in the latest treatment methods.<\/div>\r\n                                        <\/div>\r\n                                    <\/div>\r\n                                <\/li>                            <\/ul>\r\n                        <\/div>\r\n                        <!-- Column -->\r\n                        <div class=\"column col-lg-6 col-md-12 col-sm-12\">\r\n                            <!-- Accordion Box -->\r\n                            <ul class=\"accordion-box\">\r\n                                <li class=\"accordion block\">\r\n                                    <div class=\"acc-btn active\"><div class=\"icon-outer\"><span class=\"icon fa-solid fa-angle-right fa-fw\"><\/span><\/div>What is Pain Mesotherapy?<\/div>\r\n                                    <div class=\"acc-content current\">\r\n                                        <div class=\"content\">\r\n                                            <div class=\"text\">Pain mesotherapy uses microinjections for the local application of medications, effectively reducing pain and accelerating recovery.<\/div>\r\n                                        <\/div>\r\n                                    <\/div>\r\n                                <\/li><li class=\"accordion block\">\r\n                                    <div class=\"acc-btn \"><div class=\"icon-outer\"><span class=\"icon fa-solid fa-angle-right fa-fw\"><\/span><\/div>How Does Cellular Matrix Therapy Work?<\/div>\r\n                                    <div class=\"acc-content \">\r\n                                        <div class=\"content\">\r\n                                            <div class=\"text\">Cellular Matrix combines your platelet-rich plasma (PRP) with hyaluronic acid to regenerate tissue and reduce inflammation.<\/div>\r\n                                        <\/div>\r\n                                    <\/div>\r\n                                <\/li><li class=\"accordion block\">\r\n                                    <div class=\"acc-btn \"><div class=\"icon-outer\"><span class=\"icon fa-solid fa-angle-right fa-fw\"><\/span><\/div>What are the Advantages of an Integrative Treatment Approach?<\/div>\r\n                                    <div class=\"acc-content \">\r\n                                        <div class=\"content\">\r\n                                            <div class=\"text\">The integrative approach combines the best of conventional and traditional medicine, allowing for a holistic treatment that is tailored to the individual needs of each patient.<\/div>\r\n                                        <\/div>\r\n                                    <\/div>\r\n                                <\/li><li class=\"accordion block\">\r\n                                    <div class=\"acc-btn \"><div class=\"icon-outer\"><span class=\"icon fa-solid fa-angle-right fa-fw\"><\/span><\/div>How to Schedule an Appointment?<\/div>\r\n                                    <div class=\"acc-content \">\r\n                                        <div class=\"content\">\r\n                                            <div class=\"text\">An appointment can be scheduled by phone or through our online platform. We recommend consulting with our professional team to determine which treatment is most suitable for you.<\/div>\r\n                                        <\/div>\r\n                                    <\/div>\r\n                                <\/li>                            <\/ul>\r\n                        <\/div>\r\n                    <\/div>\r\n                <\/div>\r\n            <\/section>\r\n            <!-- End Faq Page -->\r\n            \r\n        \t\t<\/div>\n\t\t\t\t<\/div>\n\t\t\t\t\t<\/div>\n\t\t<\/div>\n\t\t\t\t\t\t\t<\/div>\n\t\t<\/section>\n\t\t\t\t\t\t\t<\/div>\n\t\t","protected":false},"excerpt":{"rendered":"<p>Frequently Asked Questions Get Answers to Frequently Asked Questions \u0160ta podrazumijeva kiroprakti\u010dki tretman u va\u0161oj ordinaciji? Kiroprakti\u010dki tretman obuhvata manuelne tehnike usmjerene na korekciju polo\u017eaja ki\u010dme i zglobova, s ciljem smanjenja bola i pobolj\u0161anja funkcije. \u0160ta je PRP metoda? PRP (Plazma Bogata Trombocitima) je tehnika koja koristi pacijentovu krv da bi se stimulisala regeneracija tkiva. [&hellip;]<\/p>\n","protected":false},"author":1,"featured_media":0,"parent":0,"menu_order":0,"comment_status":"closed","ping_status":"closed","template":"tpl-default-elementor.php","meta":{"footnotes":""},"class_list":["post-7503","page","type-page","status-publish","hentry"],"_links":{"self":[{"href":"https:\/\/drnenezic.me\/en\/wp-json\/wp\/v2\/pages\/7503","targetHints":{"allow":["GET"]}}],"collection":[{"href":"https:\/\/drnenezic.me\/en\/wp-json\/wp\/v2\/pages"}],"about":[{"href":"https:\/\/drnenezic.me\/en\/wp-json\/wp\/v2\/types\/page"}],"author":[{"embeddable":true,"href":"https:\/\/drnenezic.me\/en\/wp-json\/wp\/v2\/users\/1"}],"replies":[{"embeddable":true,"href":"https:\/\/drnenezic.me\/en\/wp-json\/wp\/v2\/comments?post=7503"}],"version-history":[{"count":6,"href":"https:\/\/drnenezic.me\/en\/wp-json\/wp\/v2\/pages\/7503\/revisions"}],"predecessor-version":[{"id":8022,"href":"https:\/\/drnenezic.me\/en\/wp-json\/wp\/v2\/pages\/7503\/revisions\/8022"}],"wp:attachment":[{"href":"https:\/\/drnenezic.me\/en\/wp-json\/wp\/v2\/media?parent=7503"}],"curies":[{"name":"wp","href":"https:\/\/api.w.org\/{rel}","templated":true}]}}