{"id":7595,"date":"2023-03-20T18:42:08","date_gmt":"2023-03-20T18:42:08","guid":{"rendered":"https:\/\/drnenezic.me\/blog\/"},"modified":"2023-11-28T11:23:38","modified_gmt":"2023-11-28T11:23:38","slug":"blog","status":"publish","type":"page","link":"https:\/\/drnenezic.me\/en\/blog\/","title":{"rendered":"Blog"},"content":{"rendered":"\t\t<div data-elementor-type=\"wp-page\" data-elementor-id=\"7595\" class=\"elementor elementor-7595 elementor-1642\" data-elementor-post-type=\"page\">\n\t\t\t\t\t\t\t\t\t<section class=\"elementor-section elementor-top-section elementor-element elementor-element-f66696d elementor-section-full_width elementor-section-height-default elementor-section-height-default\" data-id=\"f66696d\" data-element_type=\"section\">\n\t\t\t\t\t\t<div class=\"elementor-container elementor-column-gap-default\">\n\t\t\t\t\t<div class=\"elementor-column elementor-col-100 elementor-top-column elementor-element elementor-element-4116dd0\" data-id=\"4116dd0\" data-element_type=\"column\">\n\t\t\t<div class=\"elementor-widget-wrap elementor-element-populated\">\n\t\t\t\t\t\t\t\t<div class=\"elementor-element elementor-element-1e9f636 elementor-widget elementor-widget-merit_news_grid\" data-id=\"1e9f636\" data-element_type=\"widget\" data-widget_type=\"merit_news_grid.default\">\n\t\t\t\t<div class=\"elementor-widget-container\">\n\t\t\t        \r\n        <!-- Blog Page -->\r\n        <section class=\"blog-page\">\r\n            <div class=\"auto-container\">\r\n                <div class=\"row clearfix\">\r\n                                        <!-- News Block One -->\r\n                    <div class=\"news-block_one col-lg-4 col-md-6 col-sm-12\">\r\n                        <div class=\"news-block_one-inner wow fadeInLeft\" data-wow-delay=\"0ms\" data-wow-duration=\"1500ms\">\r\n                                                        <div class=\"news-block_one-image\">\r\n                                <a href=\"https:\/\/drnenezic.me\/en\/collagen-therapy-the-key-to-youthful-and-healthy-skin\/\"><img loading=\"lazy\" decoding=\"async\" width=\"370\" height=\"290\" src=\"https:\/\/drnenezic.me\/wp-content\/uploads\/2023\/10\/Terapija-Kolagenom-370x290.jpg\" class=\"attachment-merit_370x290 size-merit_370x290 wp-post-image\" alt=\"Collagen Therapy\" \/><\/a>\r\n                            <\/div>\r\n                                                        <div class=\"news-block_one-content\">\r\n                                <div class=\"news-block_one-date\"><span>10<\/span> Oct\/23<\/div>\r\n                                <ul class=\"news-block_one-meta\">\r\n                                    <li><span class=\"icon fa-solid fa-user fa-fw\"><\/span> Admin<\/li>\r\n                                    <li><span class=\"icon fa-solid fa-comments fa-fw\"><\/span> 0 Comments<\/li>\r\n                                <\/ul>\r\n                                <h5 class=\"news-block_one-heading\"><a href=\"https:\/\/drnenezic.me\/en\/collagen-therapy-the-key-to-youthful-and-healthy-skin\/\">Collagen therapy: The key to youthful and healthy skin<\/a><\/h5>\r\n                                <div class=\"news-block_one-text\">Collagen is a key protein in our body that plays a vital ...<\/div>\r\n                                <a href=\"https:\/\/drnenezic.me\/en\/collagen-therapy-the-key-to-youthful-and-healthy-skin\/\" class=\"news-block_two-more\">Read more<\/a>\r\n                            <\/div>\r\n                        <\/div>\r\n                    <\/div>\r\n                                        <!-- News Block One -->\r\n                    <div class=\"news-block_one col-lg-4 col-md-6 col-sm-12\">\r\n                        <div class=\"news-block_one-inner wow fadeInLeft\" data-wow-delay=\"0ms\" data-wow-duration=\"1500ms\">\r\n                                                        <div class=\"news-block_one-image\">\r\n                                <a href=\"https:\/\/drnenezic.me\/en\/acupuncture-the-ancient-art-of-healing-for-the-modern-age\/\"><img loading=\"lazy\" decoding=\"async\" width=\"370\" height=\"290\" src=\"https:\/\/drnenezic.me\/wp-content\/uploads\/2023\/11\/Akupunktura-Drevna-Terapija-370x290.jpg\" class=\"attachment-merit_370x290 size-merit_370x290 wp-post-image\" alt=\"Acupuncture The Ancient Therapy\" \/><\/a>\r\n                            <\/div>\r\n                                                        <div class=\"news-block_one-content\">\r\n                                <div class=\"news-block_one-date\"><span>19<\/span> Sep\/23<\/div>\r\n                                <ul class=\"news-block_one-meta\">\r\n                                    <li><span class=\"icon fa-solid fa-user fa-fw\"><\/span> Admin<\/li>\r\n                                    <li><span class=\"icon fa-solid fa-comments fa-fw\"><\/span> 0 Comments<\/li>\r\n                                <\/ul>\r\n                                <h5 class=\"news-block_one-heading\"><a href=\"https:\/\/drnenezic.me\/en\/acupuncture-the-ancient-art-of-healing-for-the-modern-age\/\">Acupuncture &#8211; The ancient art of healing for the modern age<\/a><\/h5>\r\n                                <div class=\"news-block_one-text\">Acupuncture, an ancient practice originating from China, has become popular worldwide as ...<\/div>\r\n                                <a href=\"https:\/\/drnenezic.me\/en\/acupuncture-the-ancient-art-of-healing-for-the-modern-age\/\" class=\"news-block_two-more\">Read more<\/a>\r\n                            <\/div>\r\n                        <\/div>\r\n                    <\/div>\r\n                                        <!-- News Block One -->\r\n                    <div class=\"news-block_one col-lg-4 col-md-6 col-sm-12\">\r\n                        <div class=\"news-block_one-inner wow fadeInLeft\" data-wow-delay=\"0ms\" data-wow-duration=\"1500ms\">\r\n                                                        <div class=\"news-block_one-image\">\r\n                                <a href=\"https:\/\/drnenezic.me\/en\/the-art-and-science-of-chiropractic-a-path-to-wellness\/\"><img loading=\"lazy\" decoding=\"async\" width=\"370\" height=\"290\" src=\"https:\/\/drnenezic.me\/wp-content\/uploads\/2023\/11\/Kiropraktika-Vaznost-370x290.jpg\" class=\"attachment-merit_370x290 size-merit_370x290 wp-post-image\" alt=\"Chiropractic Importance\" \/><\/a>\r\n                            <\/div>\r\n                                                        <div class=\"news-block_one-content\">\r\n                                <div class=\"news-block_one-date\"><span>11<\/span> Sep\/23<\/div>\r\n                                <ul class=\"news-block_one-meta\">\r\n                                    <li><span class=\"icon fa-solid fa-user fa-fw\"><\/span> Admin<\/li>\r\n                                    <li><span class=\"icon fa-solid fa-comments fa-fw\"><\/span> 0 Comments<\/li>\r\n                                <\/ul>\r\n                                <h5 class=\"news-block_one-heading\"><a href=\"https:\/\/drnenezic.me\/en\/the-art-and-science-of-chiropractic-a-path-to-wellness\/\">The Art and Science of Chiropractic: A Path to Wellness<\/a><\/h5>\r\n                                <div class=\"news-block_one-text\">In today&#8217;s fast and stressful world, where physical tension is part of ...<\/div>\r\n                                <a href=\"https:\/\/drnenezic.me\/en\/the-art-and-science-of-chiropractic-a-path-to-wellness\/\" class=\"news-block_two-more\">Read more<\/a>\r\n                            <\/div>\r\n                        <\/div>\r\n                    <\/div>\r\n                                        <!-- News Block One -->\r\n                    <div class=\"news-block_one col-lg-4 col-md-6 col-sm-12\">\r\n                        <div class=\"news-block_one-inner wow fadeInLeft\" data-wow-delay=\"0ms\" data-wow-duration=\"1500ms\">\r\n                                                        <div class=\"news-block_one-image\">\r\n                                <a href=\"https:\/\/drnenezic.me\/en\/treatment-and-management-of-hip-pain\/\"><img loading=\"lazy\" decoding=\"async\" width=\"370\" height=\"290\" src=\"https:\/\/drnenezic.me\/wp-content\/uploads\/2023\/11\/Bol-u-Kuku-i-Lijecenje-370x290.jpg\" class=\"attachment-merit_370x290 size-merit_370x290 wp-post-image\" alt=\"Treatment and Management of Hip Pain\" \/><\/a>\r\n                            <\/div>\r\n                                                        <div class=\"news-block_one-content\">\r\n                                <div class=\"news-block_one-date\"><span>24<\/span> Aug\/23<\/div>\r\n                                <ul class=\"news-block_one-meta\">\r\n                                    <li><span class=\"icon fa-solid fa-user fa-fw\"><\/span> Admin<\/li>\r\n                                    <li><span class=\"icon fa-solid fa-comments fa-fw\"><\/span> 0 Comments<\/li>\r\n                                <\/ul>\r\n                                <h5 class=\"news-block_one-heading\"><a href=\"https:\/\/drnenezic.me\/en\/treatment-and-management-of-hip-pain\/\">Treatment and management of hip pain<\/a><\/h5>\r\n                                <div class=\"news-block_one-text\">Hip pain is a common problem faced by the world&#8217;s population, and ...<\/div>\r\n                                <a href=\"https:\/\/drnenezic.me\/en\/treatment-and-management-of-hip-pain\/\" class=\"news-block_two-more\">Read more<\/a>\r\n                            <\/div>\r\n                        <\/div>\r\n                    <\/div>\r\n                                        <!-- News Block One -->\r\n                    <div class=\"news-block_one col-lg-4 col-md-6 col-sm-12\">\r\n                        <div class=\"news-block_one-inner wow fadeInLeft\" data-wow-delay=\"0ms\" data-wow-duration=\"1500ms\">\r\n                                                        <div class=\"news-block_one-image\">\r\n                                <a href=\"https:\/\/drnenezic.me\/en\/sports-injuries-and-their-treatment\/\"><img loading=\"lazy\" decoding=\"async\" width=\"370\" height=\"290\" src=\"https:\/\/drnenezic.me\/wp-content\/uploads\/2023\/11\/Sportske-Povrede-370x290.jpg\" class=\"attachment-merit_370x290 size-merit_370x290 wp-post-image\" alt=\"Sportske Povrede\" \/><\/a>\r\n                            <\/div>\r\n                                                        <div class=\"news-block_one-content\">\r\n                                <div class=\"news-block_one-date\"><span>15<\/span> Aug\/23<\/div>\r\n                                <ul class=\"news-block_one-meta\">\r\n                                    <li><span class=\"icon fa-solid fa-user fa-fw\"><\/span> Admin<\/li>\r\n                                    <li><span class=\"icon fa-solid fa-comments fa-fw\"><\/span> 0 Comments<\/li>\r\n                                <\/ul>\r\n                                <h5 class=\"news-block_one-heading\"><a href=\"https:\/\/drnenezic.me\/en\/sports-injuries-and-their-treatment\/\">Sports injuries and their treatment<\/a><\/h5>\r\n                                <div class=\"news-block_one-text\">In the world of sports, where the body is subjected to intense ...<\/div>\r\n                                <a href=\"https:\/\/drnenezic.me\/en\/sports-injuries-and-their-treatment\/\" class=\"news-block_two-more\">Read more<\/a>\r\n                            <\/div>\r\n                        <\/div>\r\n                    <\/div>\r\n                                        <!-- News Block One -->\r\n                    <div class=\"news-block_one col-lg-4 col-md-6 col-sm-12\">\r\n                        <div class=\"news-block_one-inner wow fadeInLeft\" data-wow-delay=\"0ms\" data-wow-duration=\"1500ms\">\r\n                                                        <div class=\"news-block_one-image\">\r\n                                <a href=\"https:\/\/drnenezic.me\/en\/challenges-and-solutions-for-facial-palsy\/\"><img loading=\"lazy\" decoding=\"async\" width=\"370\" height=\"290\" src=\"https:\/\/drnenezic.me\/wp-content\/uploads\/2023\/09\/Pareza-Facijalisa-370x290.jpg\" class=\"attachment-merit_370x290 size-merit_370x290 wp-post-image\" alt=\"Facial Palsy\" \/><\/a>\r\n                            <\/div>\r\n                                                        <div class=\"news-block_one-content\">\r\n                                <div class=\"news-block_one-date\"><span>01<\/span> Aug\/23<\/div>\r\n                                <ul class=\"news-block_one-meta\">\r\n                                    <li><span class=\"icon fa-solid fa-user fa-fw\"><\/span> Admin<\/li>\r\n                                    <li><span class=\"icon fa-solid fa-comments fa-fw\"><\/span> 0 Comments<\/li>\r\n                                <\/ul>\r\n                                <h5 class=\"news-block_one-heading\"><a href=\"https:\/\/drnenezic.me\/en\/challenges-and-solutions-for-facial-palsy\/\">Challenges and solutions for facial palsy<\/a><\/h5>\r\n                                <div class=\"news-block_one-text\">Dear patients, At Dr. Nenezi\u0107 Polyclinic, we face many challenges, one of ...<\/div>\r\n                                <a href=\"https:\/\/drnenezic.me\/en\/challenges-and-solutions-for-facial-palsy\/\" class=\"news-block_two-more\">Read more<\/a>\r\n                            <\/div>\r\n                        <\/div>\r\n                    <\/div>\r\n                                        <!-- News Block One -->\r\n                    <div class=\"news-block_one col-lg-4 col-md-6 col-sm-12\">\r\n                        <div class=\"news-block_one-inner wow fadeInLeft\" data-wow-delay=\"0ms\" data-wow-duration=\"1500ms\">\r\n                                                        <div class=\"news-block_one-image\">\r\n                                <a href=\"https:\/\/drnenezic.me\/en\/spondylosis-understanding-and-treating-degenerative-changes-in-the-spine\/\"><img loading=\"lazy\" decoding=\"async\" width=\"370\" height=\"290\" src=\"https:\/\/drnenezic.me\/wp-content\/uploads\/2023\/11\/Lijecenje-Spondiloze-370x290.jpg\" class=\"attachment-merit_370x290 size-merit_370x290 wp-post-image\" alt=\"Treatment of Spondylosis\" \/><\/a>\r\n                            <\/div>\r\n                                                        <div class=\"news-block_one-content\">\r\n                                <div class=\"news-block_one-date\"><span>25<\/span> Jul\/23<\/div>\r\n                                <ul class=\"news-block_one-meta\">\r\n                                    <li><span class=\"icon fa-solid fa-user fa-fw\"><\/span> Admin<\/li>\r\n                                    <li><span class=\"icon fa-solid fa-comments fa-fw\"><\/span> 0 Comments<\/li>\r\n                                <\/ul>\r\n                                <h5 class=\"news-block_one-heading\"><a href=\"https:\/\/drnenezic.me\/en\/spondylosis-understanding-and-treating-degenerative-changes-in-the-spine\/\">Spondylosis: Understanding and treating degenerative changes in the spine<\/a><\/h5>\r\n                                <div class=\"news-block_one-text\">Dear patients, Today at Dr. Nenezi\u0107 Polyclinic, we are discussing spondylosis, a ...<\/div>\r\n                                <a href=\"https:\/\/drnenezic.me\/en\/spondylosis-understanding-and-treating-degenerative-changes-in-the-spine\/\" class=\"news-block_two-more\">Read more<\/a>\r\n                            <\/div>\r\n                        <\/div>\r\n                    <\/div>\r\n                                        <!-- News Block One -->\r\n                    <div class=\"news-block_one col-lg-4 col-md-6 col-sm-12\">\r\n                        <div class=\"news-block_one-inner wow fadeInLeft\" data-wow-delay=\"0ms\" data-wow-duration=\"1500ms\">\r\n                                                        <div class=\"news-block_one-image\">\r\n                                <a href=\"https:\/\/drnenezic.me\/en\/innovative-prp-treatments-a-natural-solution-for-pain-and-tissue-regeneration\/\"><img loading=\"lazy\" decoding=\"async\" width=\"370\" height=\"290\" src=\"https:\/\/drnenezic.me\/wp-content\/uploads\/2023\/11\/Prp-Metoda-1-370x290.jpg\" class=\"attachment-merit_370x290 size-merit_370x290 wp-post-image\" alt=\"Innovative PRP Treatments\" \/><\/a>\r\n                            <\/div>\r\n                                                        <div class=\"news-block_one-content\">\r\n                                <div class=\"news-block_one-date\"><span>15<\/span> Jul\/23<\/div>\r\n                                <ul class=\"news-block_one-meta\">\r\n                                    <li><span class=\"icon fa-solid fa-user fa-fw\"><\/span> Admin<\/li>\r\n                                    <li><span class=\"icon fa-solid fa-comments fa-fw\"><\/span> 0 Comments<\/li>\r\n                                <\/ul>\r\n                                <h5 class=\"news-block_one-heading\"><a href=\"https:\/\/drnenezic.me\/en\/innovative-prp-treatments-a-natural-solution-for-pain-and-tissue-regeneration\/\">Innovative PRP treatments: A natural solution for pain and tissue regeneration<\/a><\/h5>\r\n                                <div class=\"news-block_one-text\">Dear valued patients, Today, we want to introduce you to PRP (Platelet-Rich ...<\/div>\r\n                                <a href=\"https:\/\/drnenezic.me\/en\/innovative-prp-treatments-a-natural-solution-for-pain-and-tissue-regeneration\/\" class=\"news-block_two-more\">Read more<\/a>\r\n                            <\/div>\r\n                        <\/div>\r\n                    <\/div>\r\n                                        <!-- News Block One -->\r\n                    <div class=\"news-block_one col-lg-4 col-md-6 col-sm-12\">\r\n                        <div class=\"news-block_one-inner wow fadeInLeft\" data-wow-delay=\"0ms\" data-wow-duration=\"1500ms\">\r\n                                                        <div class=\"news-block_one-image\">\r\n                                <a href=\"https:\/\/drnenezic.me\/en\/kinesiology-tape-a-revolution-in-physical-therapy-and-sports\/\"><img loading=\"lazy\" decoding=\"async\" width=\"370\" height=\"290\" src=\"https:\/\/drnenezic.me\/wp-content\/uploads\/2023\/11\/Kinezi-Trake-370x290.jpg\" class=\"attachment-merit_370x290 size-merit_370x290 wp-post-image\" alt=\"Kinesiology Tape\" \/><\/a>\r\n                            <\/div>\r\n                                                        <div class=\"news-block_one-content\">\r\n                                <div class=\"news-block_one-date\"><span>01<\/span> Jul\/23<\/div>\r\n                                <ul class=\"news-block_one-meta\">\r\n                                    <li><span class=\"icon fa-solid fa-user fa-fw\"><\/span> Admin<\/li>\r\n                                    <li><span class=\"icon fa-solid fa-comments fa-fw\"><\/span> 0 Comments<\/li>\r\n                                <\/ul>\r\n                                <h5 class=\"news-block_one-heading\"><a href=\"https:\/\/drnenezic.me\/en\/kinesiology-tape-a-revolution-in-physical-therapy-and-sports\/\">Kinesiology Tape: A Revolution in Physical Therapy and Sports<\/a><\/h5>\r\n                                <div class=\"news-block_one-text\">Dear patients, We introduce to you kinesiology tapes, an innovative method that ...<\/div>\r\n                                <a href=\"https:\/\/drnenezic.me\/en\/kinesiology-tape-a-revolution-in-physical-therapy-and-sports\/\" class=\"news-block_two-more\">Read more<\/a>\r\n                            <\/div>\r\n                        <\/div>\r\n                    <\/div>\r\n                                    <\/div>\r\n                \r\n                <!-- Pagination Outer -->\r\n                <div class=\"pagination-outer text-center\">\r\n                    <ul class=\"pagination\">\n\t<li><span aria-label=\"Page 1\" aria-current=\"page\" class=\"page-numbers current\">1<\/span><\/li>\n\t<li><a aria-label=\"Page 2\" class=\"page-numbers\" href=\"https:\/\/drnenezic.me\/en\/wp-json\/wp\/v2\/pages\/7595\/page\/2\/\">2<\/a><\/li>\n\t<li><a class=\"next page-numbers\" href=\"https:\/\/drnenezic.me\/en\/wp-json\/wp\/v2\/pages\/7595\/page\/2\/\"><span class=\"fa-solid fa-angles-right fa-fw\"><\/span><\/a><\/li>\n<\/ul>\n                <\/div>\r\n            <\/div>\r\n        <\/section>\r\n        <!-- End Blog Page -->\r\n        \r\n        \t\t<\/div>\n\t\t\t\t<\/div>\n\t\t\t\t\t<\/div>\n\t\t<\/div>\n\t\t\t\t\t\t\t<\/div>\n\t\t<\/section>\n\t\t\t\t\t\t\t<\/div>\n\t\t","protected":false},"excerpt":{"rendered":"<p>29 Sep\/23 0 Comments \u201cKako fizikalna terapija mo\u017ee pobolj\u0161ati va\u0161e zdravlje i oporavak\u201d Po\u0161tovani pacijenti,\u017delimo s vama podijeliti informacije o va\u017enosti fizikalne terapije i njenom uticaju na va\u0161e zdravlje i oporavak od raznih stanja i povreda. Fizikalna terapija je iznimno va\u017ean aspekt na\u0161e usluge, jer pru\u017ea ne samo olak\u0161anje od boli, ve\u0107 i podsti\u010de prirodno [&hellip;]<\/p>\n","protected":false},"author":1,"featured_media":0,"parent":0,"menu_order":0,"comment_status":"closed","ping_status":"closed","template":"tpl-default-elementor.php","meta":{"footnotes":""},"class_list":["post-7595","page","type-page","status-publish","hentry"],"_links":{"self":[{"href":"https:\/\/drnenezic.me\/en\/wp-json\/wp\/v2\/pages\/7595","targetHints":{"allow":["GET"]}}],"collection":[{"href":"https:\/\/drnenezic.me\/en\/wp-json\/wp\/v2\/pages"}],"about":[{"href":"https:\/\/drnenezic.me\/en\/wp-json\/wp\/v2\/types\/page"}],"author":[{"embeddable":true,"href":"https:\/\/drnenezic.me\/en\/wp-json\/wp\/v2\/users\/1"}],"replies":[{"embeddable":true,"href":"https:\/\/drnenezic.me\/en\/wp-json\/wp\/v2\/comments?post=7595"}],"version-history":[{"count":2,"href":"https:\/\/drnenezic.me\/en\/wp-json\/wp\/v2\/pages\/7595\/revisions"}],"predecessor-version":[{"id":8019,"href":"https:\/\/drnenezic.me\/en\/wp-json\/wp\/v2\/pages\/7595\/revisions\/8019"}],"wp:attachment":[{"href":"https:\/\/drnenezic.me\/en\/wp-json\/wp\/v2\/media?parent=7595"}],"curies":[{"name":"wp","href":"https:\/\/api.w.org\/{rel}","templated":true}]}}